{"id":3176,"date":"2020-02-07T16:39:42","date_gmt":"2020-02-07T16:39:42","guid":{"rendered":"https:\/\/www.catamaranarchipel.com?page_id=3176"},"modified":"2025-11-19T15:30:02","modified_gmt":"2025-11-19T20:30:02","slug":"experiences-archipel","status":"publish","type":"page","link":"https:\/\/www.catamaranarchipel.com\/es\/experiences-archipel\/","title":{"rendered":"Experiences-Archipel"},"content":{"rendered":"<div class=\"wpb-content-wrapper\"><div  class=\"content_row row vc_row wpb_row  wpb_animate_when_almost_visible wpb_fadeIn fadeIn  wpb_animate_when_almost_visible wpb_fadeIn fadeIn default-style fullwidth fixed_heights rt-flex-wrapper rt-flex-wrapper has-custom-margin\" style=\"margin-top:30px;\">\n\t\n\t<div class=\"content_row_wrapper align-contents content-align-middle nopadding fullwidth\" >\n\t<div id=\"asdasd\" class=\"vc_col-sm-12 wpb_column vc_column_container custom_bg\" >\n\t<div class=\"vc_column-inner\" style=\"background-color: rgba(255,255,255,0.1);\">\n\t\t<div class=\"wpb_wrapper\" >\n\t\t\t<div class=\"rt_heading_wrapper style-4\">\n\t\t\t\t\t\t<h1 class=\"rt_heading  style-4\" >EXPERIENCIA DE CRUCERO<\/h1> \n\t\t\t\t\t<\/div>\n\t\t<\/div>\n\t<\/div>\n\t<\/div>\n\n<\/div>\n<\/div>\n\n<div  class=\"content_row row vc_row wpb_row  wpb_animate_when_almost_visible wpb_fadeIn fadeIn  wpb_animate_when_almost_visible wpb_fadeIn fadeIn default-style fullwidth fixed_heights rt-flex-wrapper rt-flex-wrapper\" >\n\t\n\t<div class=\"content_row_wrapper align-contents content-align-middle fullwidth\" style=\"padding-top:40px;padding-bottom:40px;\"><div id=\"asdasd\" class=\"vc_col-sm-4 wpb_column vc_column_container\" >\n\t<div class=\"vc_column-inner\">\n\t\t<div class=\"wpb_wrapper\" >\n\t\t\t\n\t<div  class=\"wpb_single_image wpb_content_element vc_align_center wpb_content_element\">\n\t\t\n\t\t<figure class=\"wpb_wrapper vc_figure\">\n\t\t\t<div class=\"vc_single_image-wrapper   vc_box_border_grey\"><img loading=\"lazy\" decoding=\"async\" width=\"395\" height=\"350\" src=\"https:\/\/www.catamaranarchipel.com\/wp-content\/uploads\/2020\/08\/archipel_wildlife.jpg\" class=\"vc_single_image-img attachment-full\" alt=\"Archipel Galapagos Islands wildlife Atc Cruises for travellers\" title=\"\" srcset=\"https:\/\/www.catamaranarchipel.com\/wp-content\/uploads\/2020\/08\/archipel_wildlife.jpg 395w, https:\/\/www.catamaranarchipel.com\/wp-content\/uploads\/2020\/08\/archipel_wildlife-300x266.jpg 300w\" sizes=\"auto, (max-width: 395px) 100vw, 395px\" \/><\/div>\n\t\t<\/figure>\n\t<\/div>\n<div class=\"rt_heading_wrapper style-7\">\n\t\t\t\t\t\t<h5 class=\"rt_heading  aligncenter style-7\" >Encuentros incre\u00edbles con la vida silvestre<\/h5> \n\t\t\t\t\t<\/div><div class=\"ult-spacer spacer-69d770de6ac78\" data-id=\"69d770de6ac78\" data-height=\"15\" data-height-mobile=\"15\" data-height-tab=\"15\" data-height-tab-portrait=\"\" data-height-mobile-landscape=\"\" style=\"clear:both;display:block;\"><\/div>\n\t<div class=\"wpb_text_column wpb_content_element\" >\n\t\t<div class=\"wpb_wrapper\">\n\t\t\t<p style=\"text-align: center;\">Conoce al pionero de Gal\u00e1pagos: \u00a1Archipel I! Este catamar\u00e1n motorizado, lanzado en 2002, cuenta con cascos gemelos que brindan gran estabilidad, una cubierta espaciosa y amplias \u00e1reas sociales, todas organizadas estrat\u00e9gicamente muy cerca entre s\u00ed<\/p>\n\n\t\t<\/div>\n\t<\/div>\n\n\t\t<\/div>\n\t<\/div>\n\t<\/div>\n\n\t<div id=\"asdasd\" class=\"vc_col-sm-4 wpb_column vc_column_container custom_bg\" >\n\t<div class=\"vc_column-inner\" style=\"background-color: rgba(255,255,255,0.1);\">\n\t\t<div class=\"wpb_wrapper\" >\n\t\t\t\n\t<div  class=\"wpb_single_image wpb_content_element vc_align_center wpb_content_element\">\n\t\t\n\t\t<figure class=\"wpb_wrapper vc_figure\">\n\t\t\t<div class=\"vc_single_image-wrapper   vc_box_border_grey\"><img loading=\"lazy\" decoding=\"async\" width=\"395\" height=\"350\" src=\"https:\/\/www.catamaranarchipel.com\/wp-content\/uploads\/2020\/08\/archipel_leisure.jpg\" class=\"vc_single_image-img attachment-full\" alt=\"Archipel Galapagos Islands leisure Atc Cruises for travellers\" title=\"\" srcset=\"https:\/\/www.catamaranarchipel.com\/wp-content\/uploads\/2020\/08\/archipel_leisure.jpg 395w, https:\/\/www.catamaranarchipel.com\/wp-content\/uploads\/2020\/08\/archipel_leisure-300x266.jpg 300w\" sizes=\"auto, (max-width: 395px) 100vw, 395px\" \/><\/div>\n\t\t<\/figure>\n\t<\/div>\n<div class=\"rt_heading_wrapper style-7\">\n\t\t\t\t\t\t<h5 class=\"rt_heading  aligncenter style-7\" >Tiempo libre en un ambiente acogedor<\/h5> \n\t\t\t\t\t<\/div><div class=\"ult-spacer spacer-69d770de6b34c\" data-id=\"69d770de6b34c\" data-height=\"15\" data-height-mobile=\"15\" data-height-tab=\"15\" data-height-tab-portrait=\"\" data-height-mobile-landscape=\"\" style=\"clear:both;display:block;\"><\/div>\n\t<div class=\"wpb_text_column wpb_content_element\" >\n\t\t<div class=\"wpb_wrapper\">\n\t\t\t<p style=\"text-align: center;\">El catamar\u00e1n ofrece ocho cabinas sobre la l\u00ednea de flotaci\u00f3n, con dos ventanas que brindan una vista id\u00edlica del mar. Tambi\u00e9n incluyen ba\u00f1os privados impecables, agua caliente y fr\u00eda, camas bajas, aire acondicionado y espacio de almacenamiento para una estad\u00eda confortable.<\/p>\n\n\t\t<\/div>\n\t<\/div>\n\n\t\t<\/div>\n\t<\/div>\n\t<\/div>\n\n\t<div id=\"asdasd\" class=\"vc_col-sm-4 wpb_column vc_column_container\" >\n\t<div class=\"vc_column-inner\" style=\"padding-left:30px;padding-right:30px;\">\n\t\t<div class=\"wpb_wrapper\" >\n\t\t\t\n\t<div  class=\"wpb_single_image wpb_content_element vc_align_center wpb_content_element\">\n\t\t\n\t\t<figure class=\"wpb_wrapper vc_figure\">\n\t\t\t<div class=\"vc_single_image-wrapper   vc_box_border_grey\"><img loading=\"lazy\" decoding=\"async\" width=\"395\" height=\"350\" src=\"https:\/\/www.catamaranarchipel.com\/wp-content\/uploads\/2020\/08\/archipel_easy_reach.jpg\" class=\"vc_single_image-img attachment-full\" alt=\"Archipel Galapagos Islands easy reach Atc Cruises for travellers\" title=\"\" srcset=\"https:\/\/www.catamaranarchipel.com\/wp-content\/uploads\/2020\/08\/archipel_easy_reach.jpg 395w, https:\/\/www.catamaranarchipel.com\/wp-content\/uploads\/2020\/08\/archipel_easy_reach-300x266.jpg 300w\" sizes=\"auto, (max-width: 395px) 100vw, 395px\" \/><\/div>\n\t\t<\/figure>\n\t<\/div>\n<div class=\"rt_heading_wrapper style-7\">\n\t\t\t\t\t\t<h5 class=\"rt_heading  aligncenter style-7\" >Todo lo que necesitas, al alcance de la mano<\/h5> \n\t\t\t\t\t<\/div><div class=\"ult-spacer spacer-69d770de6b98d\" data-id=\"69d770de6b98d\" data-height=\"15\" data-height-mobile=\"15\" data-height-tab=\"15\" data-height-tab-portrait=\"\" data-height-mobile-landscape=\"\" style=\"clear:both;display:block;\"><\/div>\n\t<div class=\"wpb_text_column wpb_content_element\" >\n\t\t<div class=\"wpb_wrapper\">\n\t\t\t<p style=\"text-align: center;\">Los Archipel cuentan con amplias \u00e1reas sociales que complementan una estad\u00eda c\u00f3moda. Compartidas con un m\u00e1ximo de solo 16 hu\u00e9spedes, el lounge, el sol\u00e1rium, las \u00e1reas de descanso y el comedor \u2018al fresco\u2019 son opciones ideales para relajarte y disfrutar de la naturaleza que te rodea<\/p>\n\n\t\t<\/div>\n\t<\/div>\n\n\t\t<\/div>\n\t<\/div>\n\t<\/div>\n<\/div>\n<\/div>\n<\/div>","protected":false},"excerpt":{"rendered":"<p>&#8230; <a class=\"more-link\" href=\"https:\/\/www.catamaranarchipel.com\/es\/experiences-archipel\/\">Continue reading<\/a><\/p>","protected":false},"author":1,"featured_media":0,"parent":0,"menu_order":0,"comment_status":"closed","ping_status":"closed","template":"","meta":{"footnotes":""},"class_list":["post-3176","page","type-page","status-publish","hentry"],"yoast_head":"<!-- This site is optimized with the Yoast SEO plugin v26.8 - https:\/\/yoast.com\/product\/yoast-seo-wordpress\/ -->\n<title>Experiences-Archipel - Catamaran Archipel I<\/title>\n<meta name=\"robots\" content=\"index, follow, max-snippet:-1, max-image-preview:large, max-video-preview:-1\" \/>\n<link rel=\"canonical\" href=\"https:\/\/www.catamaranarchipel.com\/es\/experiences-archipel\/\" \/>\n<meta property=\"og:locale\" content=\"es_ES\" \/>\n<meta property=\"og:type\" content=\"article\" \/>\n<meta property=\"og:title\" content=\"Experiences-Archipel - Catamaran Archipel I\" \/>\n<meta property=\"og:url\" content=\"https:\/\/www.catamaranarchipel.com\/es\/experiences-archipel\/\" \/>\n<meta property=\"og:site_name\" content=\"Catamaran Archipel I\" \/>\n<meta property=\"article:modified_time\" content=\"2025-11-19T20:30:02+00:00\" \/>\n<meta name=\"twitter:card\" content=\"summary_large_image\" \/>\n<meta name=\"twitter:label1\" content=\"Tiempo de lectura\" \/>\n\t<meta name=\"twitter:data1\" content=\"13 minutos\" \/>\n<script type=\"application\/ld+json\" class=\"yoast-schema-graph\">{\"@context\":\"https:\/\/schema.org\",\"@graph\":[{\"@type\":\"WebPage\",\"@id\":\"https:\/\/www.catamaranarchipel.com\/experiences-archipel\/\",\"url\":\"https:\/\/www.catamaranarchipel.com\/experiences-archipel\/\",\"name\":\"Experiences-Archipel - Catamaran Archipel I\",\"isPartOf\":{\"@id\":\"https:\/\/www.catamaranarchipel.com\/#website\"},\"datePublished\":\"2020-02-07T16:39:42+00:00\",\"dateModified\":\"2025-11-19T20:30:02+00:00\",\"breadcrumb\":{\"@id\":\"https:\/\/www.catamaranarchipel.com\/experiences-archipel\/#breadcrumb\"},\"inLanguage\":\"es\",\"potentialAction\":[{\"@type\":\"ReadAction\",\"target\":[\"https:\/\/www.catamaranarchipel.com\/experiences-archipel\/\"]}]},{\"@type\":\"BreadcrumbList\",\"@id\":\"https:\/\/www.catamaranarchipel.com\/experiences-archipel\/#breadcrumb\",\"itemListElement\":[{\"@type\":\"ListItem\",\"position\":1,\"name\":\"Home\",\"item\":\"https:\/\/www.catamaranarchipel.com\/\"},{\"@type\":\"ListItem\",\"position\":2,\"name\":\"Experiences-Archipel\"}]},{\"@type\":\"WebSite\",\"@id\":\"https:\/\/www.catamaranarchipel.com\/#website\",\"url\":\"https:\/\/www.catamaranarchipel.com\/\",\"name\":\"Catamaran Archipel Galapagos\",\"description\":\"Enjoy Galapagos Islands now!\",\"publisher\":{\"@id\":\"https:\/\/www.catamaranarchipel.com\/#organization\"},\"potentialAction\":[{\"@type\":\"SearchAction\",\"target\":{\"@type\":\"EntryPoint\",\"urlTemplate\":\"https:\/\/www.catamaranarchipel.com\/?s={search_term_string}\"},\"query-input\":{\"@type\":\"PropertyValueSpecification\",\"valueRequired\":true,\"valueName\":\"search_term_string\"}}],\"inLanguage\":\"es\"},{\"@type\":\"Organization\",\"@id\":\"https:\/\/www.catamaranarchipel.com\/#organization\",\"name\":\"Catamaran Archipel Galapagos\",\"url\":\"https:\/\/www.catamaranarchipel.com\/\",\"logo\":{\"@type\":\"ImageObject\",\"inLanguage\":\"es\",\"@id\":\"https:\/\/www.catamaranarchipel.com\/#\/schema\/logo\/image\/\",\"url\":\"https:\/\/www.catamaranarchipel.com\/wp-content\/uploads\/2021\/11\/archipel-oniric-logo.png\",\"contentUrl\":\"https:\/\/www.catamaranarchipel.com\/wp-content\/uploads\/2021\/11\/archipel-oniric-logo.png\",\"width\":579,\"height\":164,\"caption\":\"Catamaran Archipel Galapagos\"},\"image\":{\"@id\":\"https:\/\/www.catamaranarchipel.com\/#\/schema\/logo\/image\/\"}}]}<\/script>\n<!-- \/ Yoast SEO plugin. -->","yoast_head_json":{"title":"Experiences-Archipel - Catamaran Archipel I","robots":{"index":"index","follow":"follow","max-snippet":"max-snippet:-1","max-image-preview":"max-image-preview:large","max-video-preview":"max-video-preview:-1"},"canonical":"https:\/\/www.catamaranarchipel.com\/es\/experiences-archipel\/","og_locale":"es_ES","og_type":"article","og_title":"Experiences-Archipel - Catamaran Archipel I","og_url":"https:\/\/www.catamaranarchipel.com\/es\/experiences-archipel\/","og_site_name":"Catamaran Archipel I","article_modified_time":"2025-11-19T20:30:02+00:00","twitter_card":"summary_large_image","twitter_misc":{"Tiempo de lectura":"13 minutos"},"schema":{"@context":"https:\/\/schema.org","@graph":[{"@type":"WebPage","@id":"https:\/\/www.catamaranarchipel.com\/experiences-archipel\/","url":"https:\/\/www.catamaranarchipel.com\/experiences-archipel\/","name":"Experiences-Archipel - Catamaran Archipel I","isPartOf":{"@id":"https:\/\/www.catamaranarchipel.com\/#website"},"datePublished":"2020-02-07T16:39:42+00:00","dateModified":"2025-11-19T20:30:02+00:00","breadcrumb":{"@id":"https:\/\/www.catamaranarchipel.com\/experiences-archipel\/#breadcrumb"},"inLanguage":"es","potentialAction":[{"@type":"ReadAction","target":["https:\/\/www.catamaranarchipel.com\/experiences-archipel\/"]}]},{"@type":"BreadcrumbList","@id":"https:\/\/www.catamaranarchipel.com\/experiences-archipel\/#breadcrumb","itemListElement":[{"@type":"ListItem","position":1,"name":"Home","item":"https:\/\/www.catamaranarchipel.com\/"},{"@type":"ListItem","position":2,"name":"Experiences-Archipel"}]},{"@type":"WebSite","@id":"https:\/\/www.catamaranarchipel.com\/#website","url":"https:\/\/www.catamaranarchipel.com\/","name":"Catamaran Archipel Galapagos","description":"\u00a1Disfruta ahora de las Islas Gal\u00e1pagos!","publisher":{"@id":"https:\/\/www.catamaranarchipel.com\/#organization"},"potentialAction":[{"@type":"SearchAction","target":{"@type":"EntryPoint","urlTemplate":"https:\/\/www.catamaranarchipel.com\/?s={search_term_string}"},"query-input":{"@type":"PropertyValueSpecification","valueRequired":true,"valueName":"search_term_string"}}],"inLanguage":"es"},{"@type":"Organization","@id":"https:\/\/www.catamaranarchipel.com\/#organization","name":"Catamaran Archipel Galapagos","url":"https:\/\/www.catamaranarchipel.com\/","logo":{"@type":"ImageObject","inLanguage":"es","@id":"https:\/\/www.catamaranarchipel.com\/#\/schema\/logo\/image\/","url":"https:\/\/www.catamaranarchipel.com\/wp-content\/uploads\/2021\/11\/archipel-oniric-logo.png","contentUrl":"https:\/\/www.catamaranarchipel.com\/wp-content\/uploads\/2021\/11\/archipel-oniric-logo.png","width":579,"height":164,"caption":"Catamaran Archipel Galapagos"},"image":{"@id":"https:\/\/www.catamaranarchipel.com\/#\/schema\/logo\/image\/"}}]}},"_links":{"self":[{"href":"https:\/\/www.catamaranarchipel.com\/es\/wp-json\/wp\/v2\/pages\/3176","targetHints":{"allow":["GET"]}}],"collection":[{"href":"https:\/\/www.catamaranarchipel.com\/es\/wp-json\/wp\/v2\/pages"}],"about":[{"href":"https:\/\/www.catamaranarchipel.com\/es\/wp-json\/wp\/v2\/types\/page"}],"author":[{"embeddable":true,"href":"https:\/\/www.catamaranarchipel.com\/es\/wp-json\/wp\/v2\/users\/1"}],"replies":[{"embeddable":true,"href":"https:\/\/www.catamaranarchipel.com\/es\/wp-json\/wp\/v2\/comments?post=3176"}],"version-history":[{"count":111,"href":"https:\/\/www.catamaranarchipel.com\/es\/wp-json\/wp\/v2\/pages\/3176\/revisions"}],"predecessor-version":[{"id":6621,"href":"https:\/\/www.catamaranarchipel.com\/es\/wp-json\/wp\/v2\/pages\/3176\/revisions\/6621"}],"wp:attachment":[{"href":"https:\/\/www.catamaranarchipel.com\/es\/wp-json\/wp\/v2\/media?parent=3176"}],"curies":[{"name":"wp","href":"https:\/\/api.w.org\/{rel}","templated":true}]}}