{"id":3482,"date":"2020-02-07T16:39:21","date_gmt":"2020-02-07T16:39:21","guid":{"rendered":"https:\/\/www.catamaranarchipel.com?page_id=3482"},"modified":"2025-10-03T11:41:24","modified_gmt":"2025-10-03T16:41:24","slug":"routes-archipel","status":"publish","type":"page","link":"https:\/\/www.catamaranarchipel.com\/es\/routes-archipel\/","title":{"rendered":"Routes Archipel"},"content":{"rendered":"<div class=\"wpb-content-wrapper\"><div  class=\"content_row row vc_row wpb_row  wpb_animate_when_almost_visible wpb_fadeInUp fadeInUp  wpb_animate_when_almost_visible wpb_fadeInUp fadeInUp default-style fullwidth fixed_heights rt-flex-wrapper rt-flex-wrapper has-custom-margin\" style=\"margin-top:30px;\">\n\t\n\t<div class=\"content_row_wrapper align-contents content-align-middle nopadding fullwidth\" >\n\t<div id=\"asdasd\" class=\"vc_col-sm-12 wpb_column vc_column_container custom_bg\" >\n\t<div class=\"vc_column-inner\" style=\"background-color: rgba(255,255,255,0.1);\">\n\t\t<div class=\"wpb_wrapper\" >\n\t\t\t<div class=\"rt_heading_wrapper style-4\">\n\t\t\t\t\t\t<h1 class=\"rt_heading  style-4\" >ITINERARIOS FASCINANTES EN GAL\u00c1PAGOS<\/h1> \n\t\t\t\t\t<\/div>\n\t\t<\/div>\n\t<\/div>\n\t<\/div>\n\n<\/div>\n<\/div>\n\n<div  class=\"content_row row vc_row wpb_row  wpb_animate_when_almost_visible wpb_fadeIn fadeIn  wpb_animate_when_almost_visible wpb_fadeIn fadeIn default-style fullwidth\" >\n\t\n\t<div class=\"content_row_wrapper  default\" >\n\t<div id=\"asdasd\" class=\"vc_col-sm-12 wpb_column vc_column_container\" >\n\t<div class=\"vc_column-inner\">\n\t\t<div class=\"wpb_wrapper\" >\n\t\t\t<article  class=\"icon-content-box content-box icon-top icon-style-1\"><div class=\"icon-holder\"><\/div><div class=\"text-holder\"> <p style=\"text-align: center;\">Las Islas Gal\u00e1pagos son uno de los destinos de viaje natural m\u00e1s destacados del mundo, y con raz\u00f3n: quiz\u00e1 no exista otro lugar en el planeta donde los encuentros cercanos con la vida silvestre sean tan impresionantes como en este remoto archipi\u00e9lago, hogar de una extraordinaria variedad de criaturas \u00fanicas y d\u00f3ciles.\u201d<\/p>\n<\/div><\/article>\n\t\t<\/div>\n\t<\/div>\n\t<\/div>\n\n<\/div>\n<\/div>\n\n<div  class=\"content_row row vc_row wpb_row  wpb_animate_when_almost_visible wpb_fadeIn fadeIn  wpb_animate_when_almost_visible wpb_fadeIn fadeIn default-style fullwidth\" >\n\t\n\t<div class=\"content_row_wrapper  default\" ><div id=\"asdasd\" class=\"vc_col-sm-3 wpb_animate_when_almost_visible wpb_fadeIn fadeIn wpb_column vc_column_container nopadding\" >\n\t<div class=\"vc_column-inner\">\n\t\t<div class=\"wpb_wrapper\" >\n\t\t\t\n\t\t<\/div>\n\t<\/div>\n\t<\/div>\n\n\t<div id=\"asdasd\" class=\"vc_col-sm-6 wpb_animate_when_almost_visible wpb_fadeIn fadeIn wpb_column vc_column_container nopadding\" >\n\t<div class=\"vc_column-inner\">\n\t\t<div class=\"wpb_wrapper\" >\n\t\t\t\n\t<div  class=\"wpb_single_image wpb_content_element vc_align_center wpb_content_element wpb_animate_when_almost_visible wpb_fadeIn fadeIn\">\n\t\t\n\t\t<figure class=\"wpb_wrapper vc_figure\">\n\t\t\t<div class=\"vc_single_image-wrapper   vc_box_border_grey\"><img loading=\"lazy\" decoding=\"async\" width=\"300\" height=\"85\" src=\"https:\/\/www.catamaranarchipel.com\/wp-content\/uploads\/2023\/08\/archipel-1-galapagos-logo-web91-300x85.png\" class=\"vc_single_image-img attachment-medium\" alt=\"catamaran-archipel-Galapagos-Islands-naturalist-cruise\" title=\"\" srcset=\"https:\/\/www.catamaranarchipel.com\/wp-content\/uploads\/2023\/08\/archipel-1-galapagos-logo-web91-300x85.png 300w, https:\/\/www.catamaranarchipel.com\/wp-content\/uploads\/2023\/08\/archipel-1-galapagos-logo-web91.png 321w\" sizes=\"auto, (max-width: 300px) 100vw, 300px\" \/><\/div>\n\t\t<\/figure>\n\t<\/div>\n\n\t\t<\/div>\n\t<\/div>\n\t<\/div>\n\n\t<div id=\"asdasd\" class=\"vc_col-sm-3 wpb_animate_when_almost_visible wpb_fadeIn fadeIn wpb_column vc_column_container nopadding\" >\n\t<div class=\"vc_column-inner\">\n\t\t<div class=\"wpb_wrapper\" >\n\t\t\t\n\t\t<\/div>\n\t<\/div>\n\t<\/div>\n\n\t<div id=\"asdasd\" class=\"vc_col-sm-12 wpb_animate_when_almost_visible wpb_fadeIn fadeIn wpb_column vc_column_container nopadding\" >\n\t<div class=\"vc_column-inner\">\n\t\t<div class=\"wpb_wrapper\" >\n\t\t\t<div class=\"rt_heading_wrapper style-1\">\n\t\t\t\t\t\t<h2 class=\"rt_heading  style-1\" >RUTA A<\/h2> \n\t\t\t\t\t<\/div>\n\t\t<\/div>\n\t<\/div>\n\t<\/div>\n\n\t<div id=\"asdasd\" class=\"vc_col-sm-4 wpb_column vc_column_container nopadding\" >\n\t<div class=\"vc_column-inner\">\n\t\t<div class=\"wpb_wrapper\" >\n\t\t\t<div class=\"ult-new-ib ult-ib-effect-style6  ult-ib-resp\" data-min-width=\"768\" data-max-width=\"900\" style=\"background:#004976;\" data-opacity=\"1\" data-hover-opacity=\"0.5\" ><img decoding=\"async\" class=\"ult-new-ib-img\" style=\"opacity:1;\" alt=\"Catamaran Archipel ATC Cruises Galapagos Islands wildlife Ecuador \" src=\"https:\/\/www.catamaranarchipel.com\/wp-content\/uploads\/2020\/08\/routeAarchipel_I.jpg\"   \/><div id=\"interactive-banner-wrap-1480\" class=\"ult-new-ib-desc\" style=\"\"><h1 class=\"ult-new-ib-title ult-responsive\"  data-ultimate-target='#interactive-banner-wrap-1480 .ult-new-ib-title'  data-responsive-json-new='{\"font-size\":\"\",\"line-height\":\"\"}'  style=\"font-weight:normal;\">ROUTE A | 8D\/7N<\/h1><\/div><a class=\"ult-new-ib-link\" href=\"https:\/\/www.catamaranarchipel.com\/es\/route-a-archipel\/\" title=\"Route A-Archipel-I\"  ><\/a><\/div>\n\t\t<\/div>\n\t<\/div>\n\t<\/div>\n\n\t<div id=\"asdasd\" class=\"vc_col-sm-4 wpb_column vc_column_container nopadding\" >\n\t<div class=\"vc_column-inner\">\n\t\t<div class=\"wpb_wrapper\" >\n\t\t\t<div class=\"ult-new-ib ult-ib-effect-style6  ult-ib-resp\" data-min-width=\"768\" data-max-width=\"900\" style=\"background:#004976;\" data-opacity=\"1\" data-hover-opacity=\"0.5\" ><img decoding=\"async\" class=\"ult-new-ib-img\" style=\"opacity:1;\" alt=\"Catamaran Archipel route A ATC Cruises Galapagos Islands wildlife Ecuador\" src=\"https:\/\/www.catamaranarchipel.com\/wp-content\/uploads\/2020\/08\/routeA5archipel_I.jpg\"   \/><div id=\"interactive-banner-wrap-6979\" class=\"ult-new-ib-desc\" style=\"\"><h1 class=\"ult-new-ib-title ult-responsive\"  data-ultimate-target='#interactive-banner-wrap-6979 .ult-new-ib-title'  data-responsive-json-new='{\"font-size\":\"\",\"line-height\":\"\"}'  style=\"font-weight:normal;\">ROUTE A5 | 5D\/4N<\/h1><\/div><a class=\"ult-new-ib-link\" href=\"https:\/\/www.catamaranarchipel.com\/es\/route-a5-archipel\/\" title=\"Route A5-Archipel-I\"  ><\/a><\/div>\n\t\t<\/div>\n\t<\/div>\n\t<\/div>\n\n\t<div id=\"asdasd\" class=\"vc_col-sm-4 wpb_column vc_column_container nopadding\" >\n\t<div class=\"vc_column-inner\">\n\t\t<div class=\"wpb_wrapper\" >\n\t\t\t<div class=\"ult-new-ib ult-ib-effect-style6  ult-ib-resp\" data-min-width=\"768\" data-max-width=\"900\" style=\"background:#004976;\" data-opacity=\"1\" data-hover-opacity=\"0.5\" ><img decoding=\"async\" class=\"ult-new-ib-img\" style=\"opacity:1;\" alt=\"Catamaran Archipel route A ATC Cruises Galapagos Islands wildlife Ecuador\" src=\"https:\/\/www.catamaranarchipel.com\/wp-content\/uploads\/2020\/08\/routeA4archipel_I.jpg\"   \/><div id=\"interactive-banner-wrap-6447\" class=\"ult-new-ib-desc\" style=\"\"><h1 class=\"ult-new-ib-title ult-responsive\"  data-ultimate-target='#interactive-banner-wrap-6447 .ult-new-ib-title'  data-responsive-json-new='{\"font-size\":\"\",\"line-height\":\"\"}'  style=\"font-weight:normal;\">ROUTE A4 | 4D\/3N<\/h1><\/div><a class=\"ult-new-ib-link\" href=\"https:\/\/www.catamaranarchipel.com\/es\/route-a4-archipel\/\" title=\"Route A4-Archipel-I\"  ><\/a><\/div>\n\t\t<\/div>\n\t<\/div>\n\t<\/div>\n<\/div>\n<\/div>\n\n<div id=\"routeB\" class=\"content_row row vc_row wpb_row  wpb_animate_when_almost_visible wpb_fadeIn fadeIn  wpb_animate_when_almost_visible wpb_fadeIn fadeIn default-style fullwidth\" >\n\t\n\t<div class=\"content_row_wrapper  default\" ><div id=\"asdasd\" class=\"vc_col-sm-12 wpb_animate_when_almost_visible wpb_fadeIn fadeIn wpb_column vc_column_container nopadding\" >\n\t<div class=\"vc_column-inner\">\n\t\t<div class=\"wpb_wrapper\" >\n\t\t\t<div class=\"rt_heading_wrapper style-1\">\n\t\t\t\t\t\t<h2 class=\"rt_heading  style-1\" >RUTA B<\/h2> \n\t\t\t\t\t<\/div>\n\t\t<\/div>\n\t<\/div>\n\t<\/div>\n\n\t<div id=\"asdasd\" class=\"vc_col-sm-4 wpb_animate_when_almost_visible wpb_fadeIn fadeIn wpb_column vc_column_container nopadding\" >\n\t<div class=\"vc_column-inner\">\n\t\t<div class=\"wpb_wrapper\" >\n\t\t\t<div class=\"ult-new-ib ult-ib-effect-style6  ult-ib-resp\" data-min-width=\"768\" data-max-width=\"900\" style=\"background:#004976;\" data-opacity=\"1\" data-hover-opacity=\"0.5\" ><img decoding=\"async\" class=\"ult-new-ib-img\" style=\"opacity:1;\" alt=\"Catamaran Archipel route B ATC Cruises Galapagos Islands wildlife Ecuador\" src=\"https:\/\/www.catamaranarchipel.com\/wp-content\/uploads\/2020\/08\/routeBarchipel_I.jpg\"   \/><div id=\"interactive-banner-wrap-3695\" class=\"ult-new-ib-desc\" style=\"\"><h1 class=\"ult-new-ib-title ult-responsive\"  data-ultimate-target='#interactive-banner-wrap-3695 .ult-new-ib-title'  data-responsive-json-new='{\"font-size\":\"\",\"line-height\":\"\"}'  style=\"font-weight:normal;\">ROUTE B | 8D\/7N<\/h1><\/div><a class=\"ult-new-ib-link\" href=\"https:\/\/www.catamaranarchipel.com\/es\/route-b-archipel\/\" title=\"Route B-Archipel-I\"  ><\/a><\/div>\n\t\t<\/div>\n\t<\/div>\n\t<\/div>\n\n\t<div id=\"asdasd\" class=\"vc_col-sm-4 wpb_animate_when_almost_visible wpb_fadeIn fadeIn wpb_column vc_column_container nopadding\" >\n\t<div class=\"vc_column-inner\">\n\t\t<div class=\"wpb_wrapper\" >\n\t\t\t<div class=\"ult-new-ib ult-ib-effect-style6  ult-ib-resp\" data-min-width=\"768\" data-max-width=\"900\" style=\"background:#004976;\" data-opacity=\"1\" data-hover-opacity=\"0.5\" ><img decoding=\"async\" class=\"ult-new-ib-img\" style=\"opacity:1;\" alt=\"Catamaran Archipel route B ATC Cruises Galapagos Islands wildlife Ecuador\" src=\"https:\/\/www.catamaranarchipel.com\/wp-content\/uploads\/2020\/08\/routeB5archipel_I.jpg\"   \/><div id=\"interactive-banner-wrap-5589\" class=\"ult-new-ib-desc\" style=\"\"><h1 class=\"ult-new-ib-title ult-responsive\"  data-ultimate-target='#interactive-banner-wrap-5589 .ult-new-ib-title'  data-responsive-json-new='{\"font-size\":\"\",\"line-height\":\"\"}'  style=\"font-weight:normal;\">ROUTE B5 | 5D\/4N<\/h1><\/div><a class=\"ult-new-ib-link\" href=\"https:\/\/www.catamaranarchipel.com\/es\/route-b5-archipel\/\" title=\"Route B5-Archipel-I\"  ><\/a><\/div>\n\t\t<\/div>\n\t<\/div>\n\t<\/div>\n\n\t<div id=\"asdasd\" class=\"vc_col-sm-4 wpb_column vc_column_container nopadding\" >\n\t<div class=\"vc_column-inner\">\n\t\t<div class=\"wpb_wrapper\" >\n\t\t\t<div class=\"ult-new-ib ult-ib-effect-style6  ult-ib-resp\" data-min-width=\"768\" data-max-width=\"900\" style=\"background:#004976;\" data-opacity=\"1\" data-hover-opacity=\"0.5\" ><img decoding=\"async\" class=\"ult-new-ib-img\" style=\"opacity:1;\" alt=\"Catamaran Archipel route B ATC Cruises Galapagos Islands Bartome wildlife Ecuador\" src=\"https:\/\/www.catamaranarchipel.com\/wp-content\/uploads\/2020\/08\/routeB4archipel_I.jpg\"   \/><div id=\"interactive-banner-wrap-8418\" class=\"ult-new-ib-desc\" style=\"\"><h1 class=\"ult-new-ib-title ult-responsive\"  data-ultimate-target='#interactive-banner-wrap-8418 .ult-new-ib-title'  data-responsive-json-new='{\"font-size\":\"\",\"line-height\":\"\"}'  style=\"font-weight:normal;\">ROUTE B4 | 4D\/3N<\/h1><\/div><a class=\"ult-new-ib-link\" href=\"https:\/\/www.catamaranarchipel.com\/es\/route-b4-archipel\/\" title=\"Route B4-Archipel-I\"  ><\/a><\/div>\n\t\t<\/div>\n\t<\/div>\n\t<\/div>\n<\/div>\n<\/div>\n<\/div>","protected":false},"excerpt":{"rendered":"<p>&#8230; <a class=\"more-link\" href=\"https:\/\/www.catamaranarchipel.com\/es\/routes-archipel\/\">Continue reading<\/a><\/p>","protected":false},"author":1,"featured_media":0,"parent":0,"menu_order":0,"comment_status":"closed","ping_status":"closed","template":"","meta":{"footnotes":""},"class_list":["post-3482","page","type-page","status-publish","hentry"],"yoast_head":"<!-- This site is optimized with the Yoast SEO plugin v26.8 - https:\/\/yoast.com\/product\/yoast-seo-wordpress\/ -->\n<title>Routes Archipel - Catamaran Archipel I<\/title>\n<meta name=\"robots\" content=\"index, follow, max-snippet:-1, max-image-preview:large, max-video-preview:-1\" \/>\n<link rel=\"canonical\" href=\"https:\/\/www.catamaranarchipel.com\/es\/routes-archipel\/\" \/>\n<meta property=\"og:locale\" content=\"es_ES\" \/>\n<meta property=\"og:type\" content=\"article\" \/>\n<meta property=\"og:title\" content=\"Routes Archipel - Catamaran Archipel I\" \/>\n<meta property=\"og:url\" content=\"https:\/\/www.catamaranarchipel.com\/es\/routes-archipel\/\" \/>\n<meta property=\"og:site_name\" content=\"Catamaran Archipel I\" \/>\n<meta property=\"article:modified_time\" content=\"2025-10-03T16:41:24+00:00\" \/>\n<meta name=\"twitter:card\" content=\"summary_large_image\" \/>\n<meta name=\"twitter:label1\" content=\"Tiempo de lectura\" \/>\n\t<meta name=\"twitter:data1\" content=\"5 minutos\" \/>\n<script type=\"application\/ld+json\" class=\"yoast-schema-graph\">{\"@context\":\"https:\/\/schema.org\",\"@graph\":[{\"@type\":\"WebPage\",\"@id\":\"https:\/\/www.catamaranarchipel.com\/routes-archipel\/\",\"url\":\"https:\/\/www.catamaranarchipel.com\/routes-archipel\/\",\"name\":\"Routes Archipel - Catamaran Archipel I\",\"isPartOf\":{\"@id\":\"https:\/\/www.catamaranarchipel.com\/#website\"},\"datePublished\":\"2020-02-07T16:39:21+00:00\",\"dateModified\":\"2025-10-03T16:41:24+00:00\",\"breadcrumb\":{\"@id\":\"https:\/\/www.catamaranarchipel.com\/routes-archipel\/#breadcrumb\"},\"inLanguage\":\"es\",\"potentialAction\":[{\"@type\":\"ReadAction\",\"target\":[\"https:\/\/www.catamaranarchipel.com\/routes-archipel\/\"]}]},{\"@type\":\"BreadcrumbList\",\"@id\":\"https:\/\/www.catamaranarchipel.com\/routes-archipel\/#breadcrumb\",\"itemListElement\":[{\"@type\":\"ListItem\",\"position\":1,\"name\":\"Home\",\"item\":\"https:\/\/www.catamaranarchipel.com\/\"},{\"@type\":\"ListItem\",\"position\":2,\"name\":\"Routes Archipel\"}]},{\"@type\":\"WebSite\",\"@id\":\"https:\/\/www.catamaranarchipel.com\/#website\",\"url\":\"https:\/\/www.catamaranarchipel.com\/\",\"name\":\"Catamaran Archipel Galapagos\",\"description\":\"Enjoy Galapagos Islands now!\",\"publisher\":{\"@id\":\"https:\/\/www.catamaranarchipel.com\/#organization\"},\"potentialAction\":[{\"@type\":\"SearchAction\",\"target\":{\"@type\":\"EntryPoint\",\"urlTemplate\":\"https:\/\/www.catamaranarchipel.com\/?s={search_term_string}\"},\"query-input\":{\"@type\":\"PropertyValueSpecification\",\"valueRequired\":true,\"valueName\":\"search_term_string\"}}],\"inLanguage\":\"es\"},{\"@type\":\"Organization\",\"@id\":\"https:\/\/www.catamaranarchipel.com\/#organization\",\"name\":\"Catamaran Archipel Galapagos\",\"url\":\"https:\/\/www.catamaranarchipel.com\/\",\"logo\":{\"@type\":\"ImageObject\",\"inLanguage\":\"es\",\"@id\":\"https:\/\/www.catamaranarchipel.com\/#\/schema\/logo\/image\/\",\"url\":\"https:\/\/www.catamaranarchipel.com\/wp-content\/uploads\/2021\/11\/archipel-oniric-logo.png\",\"contentUrl\":\"https:\/\/www.catamaranarchipel.com\/wp-content\/uploads\/2021\/11\/archipel-oniric-logo.png\",\"width\":579,\"height\":164,\"caption\":\"Catamaran Archipel Galapagos\"},\"image\":{\"@id\":\"https:\/\/www.catamaranarchipel.com\/#\/schema\/logo\/image\/\"}}]}<\/script>\n<!-- \/ Yoast SEO plugin. -->","yoast_head_json":{"title":"Routes Archipel - Catamaran Archipel I","robots":{"index":"index","follow":"follow","max-snippet":"max-snippet:-1","max-image-preview":"max-image-preview:large","max-video-preview":"max-video-preview:-1"},"canonical":"https:\/\/www.catamaranarchipel.com\/es\/routes-archipel\/","og_locale":"es_ES","og_type":"article","og_title":"Routes Archipel - Catamaran Archipel I","og_url":"https:\/\/www.catamaranarchipel.com\/es\/routes-archipel\/","og_site_name":"Catamaran Archipel I","article_modified_time":"2025-10-03T16:41:24+00:00","twitter_card":"summary_large_image","twitter_misc":{"Tiempo de lectura":"5 minutos"},"schema":{"@context":"https:\/\/schema.org","@graph":[{"@type":"WebPage","@id":"https:\/\/www.catamaranarchipel.com\/routes-archipel\/","url":"https:\/\/www.catamaranarchipel.com\/routes-archipel\/","name":"Routes Archipel - Catamaran Archipel I","isPartOf":{"@id":"https:\/\/www.catamaranarchipel.com\/#website"},"datePublished":"2020-02-07T16:39:21+00:00","dateModified":"2025-10-03T16:41:24+00:00","breadcrumb":{"@id":"https:\/\/www.catamaranarchipel.com\/routes-archipel\/#breadcrumb"},"inLanguage":"es","potentialAction":[{"@type":"ReadAction","target":["https:\/\/www.catamaranarchipel.com\/routes-archipel\/"]}]},{"@type":"BreadcrumbList","@id":"https:\/\/www.catamaranarchipel.com\/routes-archipel\/#breadcrumb","itemListElement":[{"@type":"ListItem","position":1,"name":"Home","item":"https:\/\/www.catamaranarchipel.com\/"},{"@type":"ListItem","position":2,"name":"Routes Archipel"}]},{"@type":"WebSite","@id":"https:\/\/www.catamaranarchipel.com\/#website","url":"https:\/\/www.catamaranarchipel.com\/","name":"Catamaran Archipel Galapagos","description":"\u00a1Disfruta ahora de las Islas Gal\u00e1pagos!","publisher":{"@id":"https:\/\/www.catamaranarchipel.com\/#organization"},"potentialAction":[{"@type":"SearchAction","target":{"@type":"EntryPoint","urlTemplate":"https:\/\/www.catamaranarchipel.com\/?s={search_term_string}"},"query-input":{"@type":"PropertyValueSpecification","valueRequired":true,"valueName":"search_term_string"}}],"inLanguage":"es"},{"@type":"Organization","@id":"https:\/\/www.catamaranarchipel.com\/#organization","name":"Catamaran Archipel Galapagos","url":"https:\/\/www.catamaranarchipel.com\/","logo":{"@type":"ImageObject","inLanguage":"es","@id":"https:\/\/www.catamaranarchipel.com\/#\/schema\/logo\/image\/","url":"https:\/\/www.catamaranarchipel.com\/wp-content\/uploads\/2021\/11\/archipel-oniric-logo.png","contentUrl":"https:\/\/www.catamaranarchipel.com\/wp-content\/uploads\/2021\/11\/archipel-oniric-logo.png","width":579,"height":164,"caption":"Catamaran Archipel Galapagos"},"image":{"@id":"https:\/\/www.catamaranarchipel.com\/#\/schema\/logo\/image\/"}}]}},"_links":{"self":[{"href":"https:\/\/www.catamaranarchipel.com\/es\/wp-json\/wp\/v2\/pages\/3482","targetHints":{"allow":["GET"]}}],"collection":[{"href":"https:\/\/www.catamaranarchipel.com\/es\/wp-json\/wp\/v2\/pages"}],"about":[{"href":"https:\/\/www.catamaranarchipel.com\/es\/wp-json\/wp\/v2\/types\/page"}],"author":[{"embeddable":true,"href":"https:\/\/www.catamaranarchipel.com\/es\/wp-json\/wp\/v2\/users\/1"}],"replies":[{"embeddable":true,"href":"https:\/\/www.catamaranarchipel.com\/es\/wp-json\/wp\/v2\/comments?post=3482"}],"version-history":[{"count":90,"href":"https:\/\/www.catamaranarchipel.com\/es\/wp-json\/wp\/v2\/pages\/3482\/revisions"}],"predecessor-version":[{"id":6607,"href":"https:\/\/www.catamaranarchipel.com\/es\/wp-json\/wp\/v2\/pages\/3482\/revisions\/6607"}],"wp:attachment":[{"href":"https:\/\/www.catamaranarchipel.com\/es\/wp-json\/wp\/v2\/media?parent=3482"}],"curies":[{"name":"wp","href":"https:\/\/api.w.org\/{rel}","templated":true}]}}