{"id":4217,"date":"2020-04-13T17:06:20","date_gmt":"2020-04-13T17:06:20","guid":{"rendered":"https:\/\/www.catamaranarchipel.com?page_id=4217"},"modified":"2026-03-13T11:05:49","modified_gmt":"2026-03-13T16:05:49","slug":"galapagos-experience","status":"publish","type":"page","link":"https:\/\/www.catamaranarchipel.com\/es\/galapagos-experience\/","title":{"rendered":"Galapagos Experience-Archipel"},"content":{"rendered":"<div class=\"wpb-content-wrapper\"><div  class=\"content_row row vc_row wpb_row  default-style fullwidth\" >\n\t\n\t<div class=\"content_row_wrapper nopadding fullwidth\" >\n\t<div id=\"asdasd\" class=\"vc_col-sm-12 vc_hidden-sm vc_hidden-xs wpb_column vc_column_container nopadding\" >\n\t<div class=\"vc_column-inner\">\n\t\t<div class=\"wpb_wrapper\" >\n\t\t\t<div id=\"content-slider-665431\" class=\"rt-carousel main-carousel carousel-holder clearfix\" data-item-width=\"1\" data-mobile-height=\"400\" data-nav=\"\" data-dots=\"\" data-parallax=\"false\" data-timeout=\"5000\" data-autoplay=\"false\">\n<div class=\"owl-carousel\">\n\n\t\t<div class=\"item has-bg-image  global-style\" style=\"min-height: 400px;\">\n\t\t\t\n\t\t\t<div class=\"slide-background\" style=\"background-image: url(https:\/\/www.catamaranarchipel.com\/wp-content\/uploads\/2020\/05\/banner-aqua-experience.jpg);background-repeat: no-repeat;background-size: contain;background-position: center top;\"><\/div>\n\t\t<\/div><\/div>\n\n<\/div>\n\n\t\t<\/div>\n\t<\/div>\n\t<\/div>\n\n<\/div>\n<\/div>\n\n<div  class=\"content_row row vc_row wpb_row  default-style fullwidth fixed_heights rt-flex-wrapper rt-flex-wrapper has-custom-margin\" style=\"margin-top:30px;\">\n\t\n\t<div class=\"content_row_wrapper align-contents content-align-middle nopadding fullwidth\" ><div id=\"asdasd\" class=\"vc_col-sm-12 wpb_column vc_column_container custom_bg\" >\n\t<div class=\"vc_column-inner\" style=\"padding-top:0px;padding-bottom:20px;background-color: rgba(255,255,255,0.1);\">\n\t\t<div class=\"wpb_wrapper\" >\n\t\t\t<div class=\"rt_heading_wrapper style-4\">\n\t\t\t\t\t\t<h1 class=\"rt_heading  style-4\" >EXPERIENCIA GAL\u00c1PAGOS<\/h1> \n\t\t\t\t\t<\/div>\n\t\t<\/div>\n\t<\/div>\n\t<\/div>\n\n\t<div id=\"asdasd\" class=\"vc_col-sm-4 wpb_column vc_column_container mobile-border-bottom\" >\n\t<div class=\"vc_column-inner\" style=\"padding-top:30px;\">\n\t\t<div class=\"wpb_wrapper\" >\n\t\t\t<article  class=\"image-content-box content-box box-style-1 center\"><div class=\"featured_image_holder\"><img decoding=\"async\" class=\"img-responsive\" src=\"https:\/\/www.catamaranarchipel.com\/wp-content\/uploads\/2020\/05\/hikers-enjoy-panorama-at-viewpoint-giant-caldera-sierra-negra-volcano-galapagos.jpg\" alt=\"ATC Cruises Galapagos Islands Ecuador wildlife\" \/><\/div><div class=\"text-holder\"><h3 class=\"heading\">Aproveche al m\u00e1ximo su tiempo en las Gal\u00e1pagos<\/h3> <p id=\"u12419-2\">Our active naturalist cruise programmes are the most efficient way to make optimal use of your scarce time on the Galapagos; combining evening or nocturnal displacements with at least two excursions per full day; there may even be an extra activity! These activities are conducted by the best English-speaking naturalist guides\/divers.<\/p>\n<p id=\"u12419-5\">Alternative island-based day tours (\u2018island hopping programmes\u2019) lose a lot of time in moving back and forth, often on an uncomfortable speedboat, and can generally only visit one closer site each day (at noon). Meanwhile the Archipel 1 heads for more exclusive destinations and shows its passengers twice as much in the same amount of time. Also, large expedition vessels can\u2019t enter the shallow paradisiacal bays where we drop the anchor.<\/p>\n<\/div><\/article>\n\t\t<\/div>\n\t<\/div>\n\t<\/div>\n\n\t<div id=\"asdasd\" class=\"vc_col-sm-4 wpb_column vc_column_container mobile-border-bottom custom_bg\" >\n\t<div class=\"vc_column-inner\" style=\"padding-top:30px;background-color: rgba(255,255,255,0.1);\">\n\t\t<div class=\"wpb_wrapper\" >\n\t\t\t<article  class=\"image-content-box content-box box-style-1 center\"><div class=\"featured_image_holder\"><img decoding=\"async\" class=\"img-responsive\" src=\"https:\/\/www.catamaranarchipel.com\/wp-content\/uploads\/2020\/05\/wildlife-observation-galapagos-guide-with-senior-tourist-couple-400x600px.jpg\" alt=\"ATC Cruises Galapagos Islands Ecuador experiences\" \/><\/div><div class=\"text-holder\"><h3 class=\"heading\">Haciendo que la naturaleza cobre a\u00fan m\u00e1s vida<\/h3> <p id=\"u12422-2\">Sin duda, su gu\u00eda naturalista a bordo es el pilar fundamental de su experiencia en las Gal\u00e1pagos..\nAl ser un catamar\u00e1n de aventura de gama media, Archipel cuenta \u00fanicamente con los mejores gu\u00edas certificados por el Parque Nacional Gal\u00e1pagos. Nuestros expertos utilizan su amplia experiencia para liderar las excursiones, buscar e identificar especies y se\u00f1alar detalles de inter\u00e9s, adem\u00e1s de velar por su seguridad y garantizar el cumplimiento de las indispensables normas de conservaci\u00f3n.<\/p>\n<p id=\"u12422-5\">Sobre todo, nuestros gu\u00edas comparten su conocimiento, amor y respeto por el extraordinario ecosistema de las Islas Gal\u00e1pagos. Sus inspiradoras explicaciones (en ingl\u00e9s y espa\u00f1ol) y fascinantes historias sobre el comportamiento animal, los ecosistemas \u00fanicos y las estrategias de supervivencia hacen que la naturaleza cobre a\u00fan m\u00e1s vida, no solo durante las excursiones en tierra, sino tambi\u00e9n en las charlas o reuniones informativas diarias a bordo.\nPor supuesto, siempre podr\u00e1 consultar a su gu\u00eda para preguntas personales o simplemente para compartir su curiosidad.<\/p>\n<\/div><\/article>\n\t\t<\/div>\n\t<\/div>\n\t<\/div>\n\n\t<div id=\"asdasd\" class=\"vc_col-sm-4 wpb_column vc_column_container mobile-border-bottom\" >\n\t<div class=\"vc_column-inner\" style=\"padding-top:30px;padding-bottom:60px;\">\n\t\t<div class=\"wpb_wrapper\" >\n\t\t\t<article  class=\"image-content-box content-box box-style-1 center\"><div class=\"featured_image_holder\"><img decoding=\"async\" class=\"img-responsive\" src=\"https:\/\/www.catamaranarchipel.com\/wp-content\/uploads\/2020\/08\/archipels-experince.jpg\" alt=\"Archipel Experience Galapagos Islands Ecuador\" \/><\/div><div class=\"text-holder\"><h3 class=\"heading\">Disfruta de una experiencia de naturaleza m\u00e1s \u00edntima.<\/h3> <p id=\"u12427-2\">Los grupos peque\u00f1os hacen que su experiencia de naturaleza y crucero sea mucho m\u00e1s \u00edntima y enriquecedora. Gracias a un m\u00e1ximo de solo 16 pasajeros a bordo del M\/C Archipel I, su gu\u00eda naturalista puede responder f\u00e1cilmente a los distintos intereses individuales.\nAdem\u00e1s, durante las excursiones podr\u00e1 escuchar claramente sus explicaciones en el campo, mientras exploran juntos las Gal\u00e1pagos.<\/p>\n<p id=\"u12427-5\">Nuestros dos botes inflables auxiliares (Zodiacs, con capacidad para solo 8 pasajeros cada uno) permiten embarcar y desembarcar del catamar\u00e1n de manera mucho m\u00e1s r\u00e1pida, adem\u00e1s de aumentar las posibilidades de observar vida silvestre durante los recorridos en bote.\nEn los grandes barcos de expedici\u00f3n, los distintos grupos deben mantener cierta distancia entre s\u00ed, lo que reduce la flexibilidad y hace perder valioso tiempo de excursi\u00f3n en las islas.<\/p>\n<\/div><\/article>\n\t\t<\/div>\n\t<\/div>\n\t<\/div>\n<\/div>\n<\/div>\n\n<div  class=\"content_row row vc_row wpb_row  default-style fullwidth fixed_heights rt-flex-wrapper rt-flex-wrapper has-custom-margin border-top\" style=\"margin-top:10px;\">\n\t\n\t<div class=\"content_row_wrapper align-contents content-align-middle fullwidth\" ><div id=\"asdasd\" class=\"vc_col-sm-4 wpb_column vc_column_container mobile-border-bottom\" >\n\t<div class=\"vc_column-inner\" style=\"padding-bottom:20px;\">\n\t\t<div class=\"wpb_wrapper\" >\n\t\t\t<article  class=\"image-content-box content-box box-style-1 center\"><div class=\"featured_image_holder\"><img decoding=\"async\" class=\"img-responsive\" src=\"https:\/\/www.catamaranarchipel.com\/wp-content\/uploads\/2020\/05\/formation-great-frigatebirds-galapagos-400x600px.jpg\" alt=\"ATC Cruises Galapagos Islands Ecuador wildlife\" \/><\/div><div class=\"text-holder\"><h3 class=\"heading\">Un crucero naturalista \u00fanico en la vida<\/h3> <article class=\"icon-content-box content-box icon-top icon-style-1\">\n<div class=\"text-holder\">\n<p id=\"u12450-2\">La intimidad es precisamente lo que diferencia a nuestro catamar\u00e1n de los grandes y impersonales cruceros que navegan por los siete mares, as\u00ed como de algunos grandes barcos de expedici\u00f3n que operan en las Gal\u00e1pagos.<\/p>\n<p id=\"u12450-5\">Su crucero tambi\u00e9n ser\u00e1 un encuentro internacional. A bordo se hablan ingl\u00e9s y espa\u00f1ol, y compartir\u00e1 la experiencia con pasajeros de diferentes partes del mundo, con quienes incluso podr\u00e1 hacer nuevos amigos.<\/p>\n<p id=\"u12450-8\">Nuestro amable y atento equipo a bordo har\u00e1 todo lo posible para convertir su crucero \u00fanico en la vida por las Gal\u00e1pagos Islands en el viaje de su vida!<\/p>\n<\/div>\n<\/article>\n<\/div><\/article>\n\t\t<\/div>\n\t<\/div>\n\t<\/div>\n\n\t<div id=\"asdasd\" class=\"vc_col-sm-4 wpb_column vc_column_container mobile-border-bottom custom_bg\" >\n\t<div class=\"vc_column-inner\" style=\"background-color: rgba(255,255,255,0.1);\">\n\t\t<div class=\"wpb_wrapper\" >\n\t\t\t<article  class=\"image-content-box content-box box-style-1 center\"><div class=\"featured_image_holder\"><img decoding=\"async\" class=\"img-responsive\" src=\"https:\/\/www.catamaranarchipel.com\/wp-content\/uploads\/2020\/05\/aqua-food.jpg\" alt=\"aqua sea food\" \/><\/div><div class=\"text-holder\"><h3 class=\"heading\">Deliciosa gastronom\u00eda: d\u00e9jese tentar por los sabores<\/h3> <article class=\"icon-content-box content-box icon-top icon-style-1\">\n<div class=\"text-holder\">\n<p id=\"u12460-2\">Nuestro chef profesional y el equipo de cocina lo deleitar\u00e1n con un abundante desayuno, as\u00ed como deliciosos almuerzos y cenas calientes, todos servidos en generoso estilo buffet.<\/p>\n<p id=\"u12460-5\">La cocina a bordo lo seguir\u00e1 sorprendiendo con un variado men\u00fa de especialidades locales e internacionales, con al menos dos opciones principales (generalmente pescado, pollo o carne), acompa\u00f1adas de arroz, papas o pasta, adem\u00e1s de una selecci\u00f3n de verduras y ensaladas frescas.<\/p>\n<p id=\"u12460-8\">Nuestra gastronom\u00eda es saludable y deliciosa; comidas especiales (vegetarianas u otros requerimientos diet\u00e9ticos) est\u00e1n disponibles previa solicitud y sin costo adicional.\nAdem\u00e1s, se sirven snacks y jugos entre las comidas.<\/p>\n<\/div>\n<\/article>\n<\/div><\/article>\n\t\t<\/div>\n\t<\/div>\n\t<\/div>\n\n\t<div id=\"asdasd\" class=\"vc_col-sm-4 wpb_column vc_column_container mobile-border-bottom\" >\n\t<div class=\"vc_column-inner\" style=\"padding-bottom:30px;\">\n\t\t<div class=\"wpb_wrapper\" >\n\t\t\t<article  class=\"image-content-box content-box box-style-1 center\"><div class=\"featured_image_holder\"><img decoding=\"async\" class=\"img-responsive\" src=\"https:\/\/www.catamaranarchipel.com\/wp-content\/uploads\/2020\/08\/archipel-safely.jpg\" alt=\"Catamarans Archipel Safely Galapagos Islands Ecuador\" \/><\/div><div class=\"text-holder\"><h3 class=\"heading\">Mientras tanto, nuestro capit\u00e1n navega con seguridad hacia el pr\u00f3ximo destino.<\/h3> <article class=\"icon-content-box content-box icon-top icon-style-1\">\n<div class=\"text-holder\">\n<p class=\"aligncenter\">Mientras disfruta relajadamente del ambiente tranquilo a bordo, puede tener la seguridad de que el capit\u00e1n y su competente tripulaci\u00f3n velar\u00e1n por su seguridad en todo momento.\nSiempre estar\u00e1n all\u00ed para asistirle al embarcar y desembarcar con seguridad, as\u00ed como para manejar con prudencia los botes inflables auxiliares (Zodiacs)<\/p>\n<p class=\"aligncenter\">Many zones of the Galapagos are near the end of the world and require self-sufficiency. As a matter of course all crew-members have first-aid knowledge.<\/p>\n<p class=\"aligncenter\">Su gu\u00eda naturalista y el capit\u00e1n est\u00e1n capacitados para manejar eventuales emergencias m\u00e9dicas u otras situaciones a bordo.\nAdem\u00e1s, el puente de mando mantiene contacto permanente por radio con el exterior, garantizando la comunicaci\u00f3n durante la navegaci\u00f3n.<\/p>\n<\/div>\n<\/article>\n<\/div><\/article>\n\t\t<\/div>\n\t<\/div>\n\t<\/div>\n\n\t<div id=\"asdasd\" class=\"vc_col-sm-12 wpb_column vc_column_container\" >\n\t<div class=\"vc_column-inner\">\n\t\t<div class=\"wpb_wrapper\" >\n\t\t\t<div class=\"ult-spacer spacer-69e7367d56378\" data-id=\"69e7367d56378\" data-height=\"40\" data-height-mobile=\"40\" data-height-tab=\"40\" data-height-tab-portrait=\"\" data-height-mobile-landscape=\"\" style=\"clear:both;display:block;\"><\/div>\n\t\t<\/div>\n\t<\/div>\n\t<\/div>\n\n\t<div id=\"asdasd\" class=\"vc_col-sm-12 wpb_column vc_column_container\" >\n\t<div class=\"vc_column-inner\">\n\t\t<div class=\"wpb_wrapper\" >\n\t\t\t<div class=\"rt_features clearfix  nav-columns-1 gallery-align-left\"><div class=\"feature_galleries\" style=\"min-height:200px\">\n<div id=\"feature-1-gallery\" class=\"feature_gallery_wrapper  active\" data-feature-gallery=\"1\"><a id=\"lightbox-338542\" class=\"imgeffect zoom rt_lightbox\" data-gal-id=\"slider-feature-1\" data-rel=\"lightbox-image-cnRfbGlnaHRib3g=\" data-rl_title=\"\" data-rl_caption=\"\" title=\"\" data-title=\"Sea Lions Encounter\" data-sub-html=\"\" data-src=\"\" data-width=\"\" data-height=\"\" data-poster=\"\" data-autoplay=\"\" data-audiotitle=\"\" data-download-url=\"false\" href=\"https:\/\/www.catamaranarchipel.comwp-content\/uploads\/2020\/05\/Sea-Lions-Encounter.jpg\"><div class=\"gallery-image has-bg-image\" style=\"background-image:url(https:\/\/www.catamaranarchipel.com\/wp-content\/uploads\/2020\/05\/Sea-Lions-Encounter-900x600.jpg);\"><\/div><\/a><\/div>\n<\/div>\n<div class=\"feature_contents_wrapper\" style=\"min-height:200px\">\n<ul class=\"feature_nav\">\n<li class=\"feature_title  active\" id=\"feature-1-title\" data-number=\"1\"><\/li>\n<\/ul>\n<div class=\"feature_contents\"><div id=\"feature-1-content\" class=\"feature_content_wrapper  active\" data-feature-content=\"1\">\n<div class=\"tab_content\">\n<h3 class=\"feature-heading\"><\/h3>\n<h3>\u00a1M\u00e1s cerca de la naturaleza que nunca!<\/h3>\n<p id=\"u12469-2\">Un crucero por el archipi\u00e9lago de las Gal\u00e1pagos es una experiencia \u00fanica que dif\u00edcilmente olvidar\u00e1. Los extraordinarios paisajes naturales de este Gal\u00e1pagos National Park constituyen un destino incomparable para la observaci\u00f3n de fauna y aves.\nQuedar\u00e1 constantemente impresionado al avistar, acercarse y fotografiar sus incre\u00edbles y confiadas formas de vida silvestre.\n\n\u00a1Estar\u00e1 m\u00e1s cerca de la naturaleza que nunca!<\/p>\n<p id=\"u12469-5\">Las Islas Gal\u00e1pagos se encuentran exactamente sobre la l\u00ednea ecuatorial, a unos 900 km (550 millas) de la costa del Pac\u00edfico de Ecuador, en South America.\nLa naturaleza de estas remotas islas y de las aguas que las rodean es tan extra\u00f1a, diversa y abundante, que el archipi\u00e9lago suele ser considerado uno de los eco-destinos m\u00e1s impresionantes y m\u00e1gicos del mundo; junto con \u2014aunque totalmente diferente a\u2014 la Amazon Rainforest, la Antarctic Peninsula, la Great Barrier Reef y las African Savannas.<\/p>\n<p id=\"u12469-8\">Ya que est\u00e1 aqu\u00ed, \u00bfqu\u00e9 tal complementar su gran aventura con una estad\u00eda en uno de los c\u00f3modos lodges de la Ecuadorian Amazon?<\/p>\n<\/div><\/div>\n<\/div>\n<div class=\"feature_mobile_nav bottom\">\n\t\t<ul>\n\t\t<li class=\"prev-feature-holder\"><span class=\"icon-left-open\"><\/span><a class=\"prev-feature\" data-current-feature=\"1\" href=\"#\" title=\"Previous Feature\">-<\/a><\/li>\n\t\t<li class=\"next-feature-holder\"><a class=\"next-feature\" data-current-feature=\"1\" href=\"#\" title=\"Next Feature\">-<\/a><span class=\"icon-right-open\"><\/span><\/li>\n\t\t<\/ul>\n\t\t<\/div>\n<\/div>\n<\/div><div class=\"ult-spacer spacer-69e7367d5695a\" data-id=\"69e7367d5695a\" data-height=\"\" data-height-mobile=\"\" data-height-tab=\"\" data-height-tab-portrait=\"\" data-height-mobile-landscape=\"\" style=\"clear:both;display:block;\"><\/div>\n\t\t<\/div>\n\t<\/div>\n\t<\/div>\n<\/div>\n<\/div>\n\n<div  class=\"content_row row vc_row wpb_row  default-style fullwidth fixed_heights rt-flex-wrapper rt-flex-wrapper\" >\n\t\n\t<div class=\"content_row_wrapper align-contents content-align-middle fullwidth\" ><div id=\"asdasd\" class=\"vc_col-sm-6 wpb_column vc_column_container\" >\n\t<div class=\"vc_column-inner\">\n\t\t<div class=\"wpb_wrapper\" >\n\t\t\t<div class=\"rt_heading_wrapper style-1\">\n\t\t\t\t\t\t<h1 class=\"rt_heading  style-1\"  style=\"margin-bottom:60px;\">Piense de forma sostenible<\/h1> \n\t\t\t\t\t<\/div><article  class=\"icon-content-box content-box icon-left icon-style-1\"><div class=\"icon-holder\"><\/div><div class=\"text-holder\"><h6 class=\"heading\">Nuestro catamar\u00e1n ha sido dise\u00f1ado para reducir el impacto en el fr\u00e1gil ecosistema. Cumplimos con estrictos est\u00e1ndares ambientales en:<\/h6> <div id=\"u53343-13\" class=\"clearfix colelem\">\n<ul id=\"u53343-3\" class=\"list0 nls-None\">\n<li style=\"text-align: left;\">Tama\u00f1o \u00f3ptimo de grupo<\/li>\n<li>Eficiencia en el consumo de combustible<\/li>\n<li style=\"text-align: left;\">Reducci\u00f3n de ruido<\/li>\n<li>Conservaci\u00f3n del agua dulce<\/li>\n<li>Tratamiento de aguas residuales<\/li>\n<li>Gesti\u00f3n de residuos<\/li>\n<li>\u00c1reas interiores libres de humo<\/li>\n<li>romoci\u00f3n entre los pasajeros de pr\u00e1cticas responsables con el medio ambiente<\/li>\n<\/ul>\n<\/div>\n<\/div><\/article>\n\t\t<\/div>\n\t<\/div>\n\t<\/div>\n\n\t<div id=\"asdasd\" class=\"vc_col-sm-6 wpb_column vc_column_container\" >\n\t<div class=\"vc_column-inner\">\n\t\t<div class=\"wpb_wrapper\" >\n\t\t\t<div class=\"rt_heading_wrapper style-1\">\n\t\t\t\t\t\t<h1 class=\"rt_heading  style-1\"  style=\"margin-bottom:60px;\">\u00a1Solo se visita una vez en la vida las Islas Gal\u00e1pagos!<\/h1> \n\t\t\t\t\t<\/div><article  class=\"icon-content-box content-box icon-left icon-style-1\"><div class=\"icon-holder\"><\/div><div class=\"text-holder\"> <p id=\"u12475-2\">Nuestros itinerarios m\u00e1s cortos ofrecen una excelente introducci\u00f3n a este \u00fanico \u201claboratorio de la evoluci\u00f3n\u201d, en caso de que disponga de poco tiempo o tenga un presupuesto limitado. Sin embargo, tenga en cuenta que es imposible conocer todos los principales atractivos en solo unos pocos d\u00edas. Por otro lado, probablemente solo visite las Gal\u00e1pagos Islands una vez en la vida. Cada isla es \u00fanica y merece ser explorada, con paisajes diferentes y un espectro siempre cambiante de especies adaptadas a su entorno.<\/p>\n<p id=\"u12475-5\">Si desea aprovechar al m\u00e1ximo su crucero y explorar pr\u00e1cticamente todos los rincones del archipi\u00e9lago, disfrutando de su extraordinaria diversidad, le sugerimos considerar extender su viaje combinando nuestros itinerarios (de 4 a 14 noches).<\/p>\n<\/div><\/article>\n\t\t<\/div>\n\t<\/div>\n\t<\/div>\n<\/div>\n<\/div>\n<\/div>","protected":false},"excerpt":{"rendered":"<p>&#8230; <a class=\"more-link\" href=\"https:\/\/www.catamaranarchipel.com\/es\/galapagos-experience\/\">Continue reading<\/a><\/p>","protected":false},"author":1,"featured_media":0,"parent":0,"menu_order":0,"comment_status":"closed","ping_status":"closed","template":"","meta":{"footnotes":""},"class_list":["post-4217","page","type-page","status-publish","hentry"],"yoast_head":"<!-- This site is optimized with the Yoast SEO plugin v26.8 - https:\/\/yoast.com\/product\/yoast-seo-wordpress\/ -->\n<title>Galapagos Experience-Archipel - Catamaran Archipel I<\/title>\n<meta name=\"robots\" content=\"index, follow, max-snippet:-1, max-image-preview:large, max-video-preview:-1\" \/>\n<link rel=\"canonical\" href=\"https:\/\/www.catamaranarchipel.com\/es\/galapagos-experience\/\" \/>\n<meta property=\"og:locale\" content=\"es_ES\" \/>\n<meta property=\"og:type\" content=\"article\" \/>\n<meta property=\"og:title\" content=\"Galapagos Experience-Archipel - Catamaran Archipel I\" \/>\n<meta property=\"og:url\" content=\"https:\/\/www.catamaranarchipel.com\/es\/galapagos-experience\/\" \/>\n<meta property=\"og:site_name\" content=\"Catamaran Archipel I\" \/>\n<meta property=\"article:modified_time\" content=\"2026-03-13T16:05:49+00:00\" \/>\n<meta name=\"twitter:card\" content=\"summary_large_image\" \/>\n<meta name=\"twitter:label1\" content=\"Tiempo de lectura\" \/>\n\t<meta name=\"twitter:data1\" content=\"11 minutos\" \/>\n<script type=\"application\/ld+json\" class=\"yoast-schema-graph\">{\"@context\":\"https:\/\/schema.org\",\"@graph\":[{\"@type\":\"WebPage\",\"@id\":\"https:\/\/www.catamaranarchipel.com\/galapagos-experience\/\",\"url\":\"https:\/\/www.catamaranarchipel.com\/galapagos-experience\/\",\"name\":\"Galapagos Experience-Archipel - Catamaran Archipel I\",\"isPartOf\":{\"@id\":\"https:\/\/www.catamaranarchipel.com\/#website\"},\"datePublished\":\"2020-04-13T17:06:20+00:00\",\"dateModified\":\"2026-03-13T16:05:49+00:00\",\"breadcrumb\":{\"@id\":\"https:\/\/www.catamaranarchipel.com\/galapagos-experience\/#breadcrumb\"},\"inLanguage\":\"es\",\"potentialAction\":[{\"@type\":\"ReadAction\",\"target\":[\"https:\/\/www.catamaranarchipel.com\/galapagos-experience\/\"]}]},{\"@type\":\"BreadcrumbList\",\"@id\":\"https:\/\/www.catamaranarchipel.com\/galapagos-experience\/#breadcrumb\",\"itemListElement\":[{\"@type\":\"ListItem\",\"position\":1,\"name\":\"Home\",\"item\":\"https:\/\/www.catamaranarchipel.com\/\"},{\"@type\":\"ListItem\",\"position\":2,\"name\":\"Galapagos Experience-Archipel\"}]},{\"@type\":\"WebSite\",\"@id\":\"https:\/\/www.catamaranarchipel.com\/#website\",\"url\":\"https:\/\/www.catamaranarchipel.com\/\",\"name\":\"Catamaran Archipel Galapagos\",\"description\":\"Enjoy Galapagos Islands now!\",\"publisher\":{\"@id\":\"https:\/\/www.catamaranarchipel.com\/#organization\"},\"potentialAction\":[{\"@type\":\"SearchAction\",\"target\":{\"@type\":\"EntryPoint\",\"urlTemplate\":\"https:\/\/www.catamaranarchipel.com\/?s={search_term_string}\"},\"query-input\":{\"@type\":\"PropertyValueSpecification\",\"valueRequired\":true,\"valueName\":\"search_term_string\"}}],\"inLanguage\":\"es\"},{\"@type\":\"Organization\",\"@id\":\"https:\/\/www.catamaranarchipel.com\/#organization\",\"name\":\"Catamaran Archipel Galapagos\",\"url\":\"https:\/\/www.catamaranarchipel.com\/\",\"logo\":{\"@type\":\"ImageObject\",\"inLanguage\":\"es\",\"@id\":\"https:\/\/www.catamaranarchipel.com\/#\/schema\/logo\/image\/\",\"url\":\"https:\/\/www.catamaranarchipel.com\/wp-content\/uploads\/2021\/11\/archipel-oniric-logo.png\",\"contentUrl\":\"https:\/\/www.catamaranarchipel.com\/wp-content\/uploads\/2021\/11\/archipel-oniric-logo.png\",\"width\":579,\"height\":164,\"caption\":\"Catamaran Archipel Galapagos\"},\"image\":{\"@id\":\"https:\/\/www.catamaranarchipel.com\/#\/schema\/logo\/image\/\"}}]}<\/script>\n<!-- \/ Yoast SEO plugin. -->","yoast_head_json":{"title":"Galapagos Experience-Archipel - Catamaran Archipel I","robots":{"index":"index","follow":"follow","max-snippet":"max-snippet:-1","max-image-preview":"max-image-preview:large","max-video-preview":"max-video-preview:-1"},"canonical":"https:\/\/www.catamaranarchipel.com\/es\/galapagos-experience\/","og_locale":"es_ES","og_type":"article","og_title":"Galapagos Experience-Archipel - Catamaran Archipel I","og_url":"https:\/\/www.catamaranarchipel.com\/es\/galapagos-experience\/","og_site_name":"Catamaran Archipel I","article_modified_time":"2026-03-13T16:05:49+00:00","twitter_card":"summary_large_image","twitter_misc":{"Tiempo de lectura":"11 minutos"},"schema":{"@context":"https:\/\/schema.org","@graph":[{"@type":"WebPage","@id":"https:\/\/www.catamaranarchipel.com\/galapagos-experience\/","url":"https:\/\/www.catamaranarchipel.com\/galapagos-experience\/","name":"Galapagos Experience-Archipel - Catamaran Archipel I","isPartOf":{"@id":"https:\/\/www.catamaranarchipel.com\/#website"},"datePublished":"2020-04-13T17:06:20+00:00","dateModified":"2026-03-13T16:05:49+00:00","breadcrumb":{"@id":"https:\/\/www.catamaranarchipel.com\/galapagos-experience\/#breadcrumb"},"inLanguage":"es","potentialAction":[{"@type":"ReadAction","target":["https:\/\/www.catamaranarchipel.com\/galapagos-experience\/"]}]},{"@type":"BreadcrumbList","@id":"https:\/\/www.catamaranarchipel.com\/galapagos-experience\/#breadcrumb","itemListElement":[{"@type":"ListItem","position":1,"name":"Home","item":"https:\/\/www.catamaranarchipel.com\/"},{"@type":"ListItem","position":2,"name":"Galapagos Experience-Archipel"}]},{"@type":"WebSite","@id":"https:\/\/www.catamaranarchipel.com\/#website","url":"https:\/\/www.catamaranarchipel.com\/","name":"Catamaran Archipel Galapagos","description":"\u00a1Disfruta ahora de las Islas Gal\u00e1pagos!","publisher":{"@id":"https:\/\/www.catamaranarchipel.com\/#organization"},"potentialAction":[{"@type":"SearchAction","target":{"@type":"EntryPoint","urlTemplate":"https:\/\/www.catamaranarchipel.com\/?s={search_term_string}"},"query-input":{"@type":"PropertyValueSpecification","valueRequired":true,"valueName":"search_term_string"}}],"inLanguage":"es"},{"@type":"Organization","@id":"https:\/\/www.catamaranarchipel.com\/#organization","name":"Catamaran Archipel Galapagos","url":"https:\/\/www.catamaranarchipel.com\/","logo":{"@type":"ImageObject","inLanguage":"es","@id":"https:\/\/www.catamaranarchipel.com\/#\/schema\/logo\/image\/","url":"https:\/\/www.catamaranarchipel.com\/wp-content\/uploads\/2021\/11\/archipel-oniric-logo.png","contentUrl":"https:\/\/www.catamaranarchipel.com\/wp-content\/uploads\/2021\/11\/archipel-oniric-logo.png","width":579,"height":164,"caption":"Catamaran Archipel Galapagos"},"image":{"@id":"https:\/\/www.catamaranarchipel.com\/#\/schema\/logo\/image\/"}}]}},"_links":{"self":[{"href":"https:\/\/www.catamaranarchipel.com\/es\/wp-json\/wp\/v2\/pages\/4217","targetHints":{"allow":["GET"]}}],"collection":[{"href":"https:\/\/www.catamaranarchipel.com\/es\/wp-json\/wp\/v2\/pages"}],"about":[{"href":"https:\/\/www.catamaranarchipel.com\/es\/wp-json\/wp\/v2\/types\/page"}],"author":[{"embeddable":true,"href":"https:\/\/www.catamaranarchipel.com\/es\/wp-json\/wp\/v2\/users\/1"}],"replies":[{"embeddable":true,"href":"https:\/\/www.catamaranarchipel.com\/es\/wp-json\/wp\/v2\/comments?post=4217"}],"version-history":[{"count":43,"href":"https:\/\/www.catamaranarchipel.com\/es\/wp-json\/wp\/v2\/pages\/4217\/revisions"}],"predecessor-version":[{"id":5003,"href":"https:\/\/www.catamaranarchipel.com\/es\/wp-json\/wp\/v2\/pages\/4217\/revisions\/5003"}],"wp:attachment":[{"href":"https:\/\/www.catamaranarchipel.com\/es\/wp-json\/wp\/v2\/media?parent=4217"}],"curies":[{"name":"wp","href":"https:\/\/api.w.org\/{rel}","templated":true}]}}